{"id":26,"date":"2023-08-25T05:58:15","date_gmt":"2023-08-25T09:58:15","guid":{"rendered":"https:\/\/gambinocityhotels.com\/?page_id=26"},"modified":"2023-08-30T11:02:00","modified_gmt":"2023-08-30T15:02:00","slug":"data-privacy","status":"publish","type":"page","link":"https:\/\/gambinocityhotels.com\/de\/data-privacy\/","title":{"rendered":"Datenschutz"},"content":{"rendered":"<h3 class=\"sppb-addon-title\">DATENSCHUTZBESTIMMUNGEN<\/h3>\n<div class=\"sppb-addon-content\">\n<p>Danke, dass Sie sich f\u00fcr unsere  Internetseite gambinohotels.com (im folgenden \u201eWebsite\u201c) interessieren. Die Website wird derzeit von der GambinoHolding GmbH betrieben (nachfolgend \u201egambino cityhotels \u201c genannt) und bietet unseren Nutzern (im folgenden \u201eNutzer\u201c) die M\u00f6glichkeit, sich \u00fcber unsere Produkte zu informieren, zu buchen wenn Verf\u00fcgbarkeiten gegeben sind und uns zu kontaktieren. Der Schutz von personenbezogenen Daten ist uns sehr wichtig und daher nehmen wir diesen Ernst  indem wir uns an die g\u00fcltigen Regeln der aktuellen Datenschutzgesetze und anderer datenschutzrelevanter Auflagen mit bestem Wissen und Gewissen halten.<\/p>\n<p>Im Folgenden informieren wir Sie als Nutzer unserer Website \u00fcber den Umgang mit Ihren Daten und geben Ihnen einen \u00dcberblick \u00fcber die von uns durchgef\u00fchrten Ma\u00dfnahmen zum Schutz von personenbezogenen Daten. Bitte stellen Sie Ihre Fragen bez\u00fcglich der Verwendung Ihrer pers\u00f6nlichen Daten direkt an uns.<\/p>\n<\/div>\n<p>&nbsp;<\/p>\n<div class=\"sppb-addon-content\">\n<p><strong>Rechte der Nutzer und Betroffenen<\/strong><\/p>\n<p>Mit Blick auf die nachfolgend noch n\u00e4her beschriebene Datenverarbeitung haben die Nutzer und Betroffenen das Recht<\/p>\n<ul>\n<li>auf Best\u00e4tigung, ob sie betreffende Daten verarbeitet werden, auf Auskunft \u00fcber die verarbeiteten Daten, auf weitere Informationen \u00fcber die Datenverarbeitung sowie auf Kopien der Daten (vgl. auch Art. 15 DSGVO);<\/li>\n<li>auf Berichtigung oder Vervollst\u00e4ndigung unrichtiger bzw. unvollst\u00e4ndiger Daten (vgl. auch Art. 16 DSGVO);<\/li>\n<li>auf unverz\u00fcgliche L\u00f6schung der sie betreffenden Daten (vgl. auch Art. 17 DSGVO), oder, alternativ, soweit eine weitere Verarbeitung gem\u00e4\u00df Art. 17 Abs. 3 DSGVO erforderlich ist, auf Einschr\u00e4nkung der Verarbeitung nach Ma\u00dfgabe von Art. 18 DSGVO;<\/li>\n<li>auf Erhalt der sie betreffenden und von ihnen bereitgestellten Daten und auf \u00dcbermittlung dieser Daten an andere Anbieter\/Verantwortliche (vgl. auch Art. 20 DSGVO);<\/li>\n<li>auf Beschwerde gegen\u00fcber der Aufsichtsbeh\u00f6rde, sofern sie der Ansicht sind, dass die sie betreffenden Daten durch den Anbieter unter Versto\u00df gegen datenschutzrechtliche Bestimmungen verarbeitet werden (vgl. auch Art. 77 DSGVO).<\/li>\n<\/ul>\n<p>Dar\u00fcber hinaus ist der Anbieter dazu verpflichtet, alle Empf\u00e4nger, denen gegen\u00fcber Daten durch den Anbieter offengelegt worden sind, \u00fcber jedwede Berichtigung oder L\u00f6schung von Daten oder die Einschr\u00e4nkung der Verarbeitung, die aufgrund der Artikel 16, 17 Abs. 1, 18 DSGVO erfolgt, zu unterrichten. Diese Verpflichtung besteht jedoch nicht, soweit diese Mitteilung unm\u00f6glich oder mit einem unverh\u00e4ltnism\u00e4\u00dfigen Aufwand verbunden ist. Unbeschadet dessen hat der Nutzer ein Recht auf Auskunft \u00fcber diese Empf\u00e4nger.<\/p>\n<p>&nbsp;<\/p>\n<p><strong>Erhebung und Nutzung personenbezogener Daten<\/strong><\/p>\n<p>(1)   Die Nutzung unserer Website ist jedem Nutzer ohne Anmeldung m\u00f6glich.<\/p>\n<p>(2)   Bei jedem Zugriff eines Nutzers auf die Website und bei jedem Abruf einer Datei werden Zugriffsdaten \u00fcber diesen Vorgang auf unserem Server gespeichert. Dies sind:<\/p>\n<p>&nbsp;<\/p>\n<p><strong>\u00dcbertragene Datenmenge und Zugriffsstatus (Datei \u00fcbertragen, Datei nicht gefunden etc.)<\/strong><\/p>\n<p>Aus diesen Daten werden pseudonymisiert interne Statistiken generiert, die uns helfen, die Nutzung der Website zu analysieren, Fehler zu beheben und unsere Dienste zu verbessern. Eine dar\u00fcberhinausgehende personenbezogene Verwendung findet nicht statt. Insbesondere wird keine Zusammenf\u00fchrung dieser Daten mit anderen Datenquellen vorgenommen. Diese Daten werden nach der statistischen Auswertung automatisch gel\u00f6scht. Sie k\u00f6nnen die Nutzung Ihrer pseudonymisierten Daten f\u00fcr statistische Zwecke jederzeit verhindern, indem Sie die Speicherung von Cookies durch eine entsprechende Einstellung Ihrer Browser-Software verhindern (siehe dazu Ziffer 6).<\/p>\n<p>Bestands- und Nutzungsdaten werden \u00fcberdies von gambino cityhotels im Rahmen der \u00a7\u00a7 14, 15 Telemediengesetz (TMG) bzw. des \u00a7 28 Bundesdatenschutzgesetz (BDSG) erhoben, verarbeitet und genutzt.<\/p>\n<p>&nbsp;<\/p>\n<p><strong>Schutz der Daten<\/strong><\/p>\n<p>Der Schutz personenbezogener Daten ist bei gambino cityhotels ein wichtiger Unternehmensgrundsatz. Dies wird u.a. durch Schulungen und die schriftliche Verpflichtung aller Mitarbeiter und externen Dienstleister zur Datengeheimhaltung und Einhaltung datenschutzrechtlicher Auflagen erreicht.<\/p>\n<p>Alle technischen und organisatorischen, physischen wie logischen Einrichtungen und Ma\u00dfnahmen im Bereich Datenschutz, IT- und Informationssicherheit dienen zum Schutz vor Besch\u00e4digungen, Zerst\u00f6rung und unberechtigtem Zugriff auf gespeicherte Daten und zur Erreichung der Schutzziele Vertraulichkeit, Verf\u00fcgbarkeit und Integrit\u00e4t.<\/p>\n<p>Die personenbezogenen Daten werden zur Sicherheit unter Verwendung einer verschl\u00fcsselten \u201eSecure Socket Layer\u201c (SSL-) Verbindung (erkennbar am Beginn der Internetadresse mit \u201ehttps:\/\/\u201c oben in der Adresszeile des Internet-Browsers) erhoben.<\/p>\n<p>&nbsp;<\/p>\n<p><strong>Einsatz von Cookies<\/strong><\/p>\n<p>gambino cityhotels verwendet sogenannte \u201eCookies\u201c. Dabei handelt es sich um Technologien, mit deren Hilfe bestimmte benutzerspezifische Einstellungen und technische Informationen, mit denen der Nutzer identifiziert werden kann, gesammelt werden k\u00f6nnen. Diese Informationen zeigen, wann und wie Nutzer die Website verwenden und erm\u00f6glichen, diese laufend zu verbessern. Die Verwendung von Cookies bietet dem Nutzer den Vorteil, dass er beim Ausf\u00fcllen von Formularen der Website nicht immer wieder seine pers\u00f6nlichen Daten eingeben muss. Die Verwendung von Cookies ist \u00fcblich und auf vielen Webseiten g\u00e4ngige Praxis. Cookies werden auf dem Anzeigeger\u00e4t des Nutzers und nicht auf der Website gespeichert.<\/p>\n<p>gambino cityhotels verwendet Cookies nur, um Informationen auf dem Speicher des Anzeigeger\u00e4ts des Nutzers zu lesen, die durch einen Cookie von dieser Seite dort gespeichert wurden. Indem der Nutzer die Website nutzt, ohne entsprechende Einstellungen in seinem Browser vorzunehmen, stimmt er der Verwendung von Cookies, wie in diesen Datenschutzbestimmungen dargestellt, zu. Wenn der Nutzer die Speicherung von Cookies auf seinem Anzeigeger\u00e4t nicht w\u00fcnscht, einen gespeicherten Cookie l\u00f6schen m\u00f6chte oder von ihrer Speicherung benachrichtigt werden m\u00f6chte, kann er seinen Browser bzw. Anzeigeger\u00e4t entsprechend einstellen. Wie dies im Einzelnen vorzunehmen ist, kann der Hilfe zum Browser bzw. dem Anzeigeger\u00e4t entnommen werden. Wir weisen ausdr\u00fccklich darauf hin, dass in diesem Fall gegebenenfalls nicht s\u00e4mtliche Funktionen voll umf\u00e4nglich genutzt werden k\u00f6nnen.<\/p>\n<p>&nbsp;<\/p>\n<p><strong>Google Analytics<\/strong><\/p>\n<p>Diese Website benutzt Google Analytics, einen Webanalysedienst welcher von der Google Inc., 1600 Amphitheatre Parkway, Mountain View, CA 94043, United States betrieben wird (\u201eGoogle\u201c). Google Analytics verwendet sog. \u201eCookies\u201c, Textdateien, die auf Ihrem Anzeigeger\u00e4t gespeichert werden und die eine Analyse der Benutzung der Website durch Sie erm\u00f6glichen. Die durch den Cookie erzeugten Informationen \u00fcber Ihre Benutzung dieser Website werden in der Regel an einen Server von Google in den USA \u00fcbertragen und dort gespeichert. Auf dieser Website wurde Google Analytics um den Code \u201egat._anonymizeIp();\u201c erweitert, um eine anonymisierte Erfassung von IP-Adressen zu gew\u00e4hrleisten. Dadurch wird Ihre IP-Adresse von Google innerhalb von Mitgliedstaaten der Europ\u00e4ischen Union oder in anderen Vertragsstaaten des Abkommens \u00fcber den Europ\u00e4ischen Wirtschaftsraum zuvor gek\u00fcrzt. Nur in Ausnahmef\u00e4llen wird die volle IP-Adresse an einen Server von Google in den USA \u00fcbertragen und dort gek\u00fcrzt.<\/p>\n<p>Im Auftrag von gambino cityhotels wird Google diese Informationen benutzen, um Ihre Nutzung der Website auszuwerten, um Reports \u00fcber die Websiteaktivit\u00e4ten zusammenzustellen und um weitere mit der Websitenutzung und der Internetnutzung verbundene Dienstleistungen gegen\u00fcber dem Websitebetreiber zu erbringen. Die im Rahmen von Google Analytics von Ihrem Browser \u00fcbermittelte gek\u00fcrzte IP-Adresse wird nicht mit anderen Daten von Google zusammengef\u00fchrt. Sie k\u00f6nnen die Speicherung der Cookies durch eine entsprechende Einstellung Ihrer Browser-Software verhindern; wir weisen Sie jedoch darauf hin, dass Sie in diesem Fall gegebenenfalls nicht s\u00e4mtliche Funktionen vollumf\u00e4nglich werden nutzen k\u00f6nnen.<\/p>\n<p>Sie k\u00f6nnen dar\u00fcber hinaus die Erfassung der durch das Cookie erzeugten und auf Ihre Nutzung der Website bzw. App bezogenen Daten (inkl. Ihrer IP-Adresse) an Google sowie die Verarbeitung dieser Daten durch Google verhindern, indem sie das unter dem folgenden Link verf\u00fcgbare Browser-Add-on herunterladen und installieren tools.google.com\/dlpage\/gaoptout.\u00a0\u00a0<span class=\"s5\">tools.google.com\/dlpage\/gaoptout\u00a0<\/span><span class=\"s1\">.<\/span><\/p>\n<p>Alternativ zu diesem Browser Add-on k\u00f6nnen Sie bei Nutzung mobiler Anzeigeger\u00e4te die Erfassung durch Google Analytics verhindern, indem Sie auf folgenden Link klicken. Dabei wird ein Opt-Out-Cookie gesetzt, der die zuk\u00fcnftige Erfassung Ihrer Daten beim Besuch dieser Website verhindert: Click here to opt-out of Google Analytics<\/p>\n<p>Weitere Informationen zu Google Analytics finden sich hier\u00a0\u00a0<span class=\"s5\"><a href=\"http:\/\/www.google.com\/intl\/de\/policies\/privacy\/partners\/\">www.google.com\/intl\/de\/policies\/privacy\/partners\/<\/a><\/span><span class=\"s1\">.<\/span><\/p>\n<p>&nbsp;<\/p>\n<p><strong>Links zu anderen Webseiten<\/strong><\/p>\n<p>Die Website kann gelegentlich Links (interaktive Verweise) auf Internetauftritte Dritter, f\u00fcr die gambino cityhotels nicht verantwortlich ist, enthalten. gambino cityhotels hat keinerlei Einfluss auf Inhalt und Gestaltung der verlinkten externen Seiten bzw. der Internetauftritte, auf die der Nutzer \u00fcber diese Links gelangt. F\u00fcr Inhalt und Gestaltung dieser Internetauftritte sowie die Einhaltung datenschutzrechtlicher Bestimmungen sind ausschlie\u00dflich die jeweiligen Anbieter verantwortlich.<\/p>\n<p>&nbsp;<\/p>\n<p><strong>\u00c4nderungen<\/strong><\/p>\n<p>gambino cityhotels kann jederzeit unangek\u00fcndigt diese Datenschutzbestimmungen oder den Inhalt der Website \u00e4ndern oder den Zugriff auf diese Website \u00e4ndern oder sperren.<\/p>\n<p>&nbsp;<\/p>\n<p><strong>Fragen zum Datenschutz und Kontakt<\/strong><\/p>\n<p>Der Nutzer kann sich jederzeit an gambino cityhotels wenden, wenn die zu seiner Person gespeicherten Daten berichtigt, gesperrt oder gel\u00f6scht werden sollen. Dar\u00fcber hinaus erteilt gambino cityhotels jederzeit Auskunft dar\u00fcber, welche Daten vom Nutzer gespeichert worden sind sowie deren Herkunft und Empf\u00e4nger sowie den Zweck der Speicherung.<\/p>\n<p>F\u00fcr Fragen zum Datenschutz wenden Sie sich bitte an:<\/p>\n<p>gambinoholding GmbH<\/p>\n<p>Bayerstr.\u00a07<br \/>\n80335 M\u00fcnchen<br \/>\n+49 (0)89 54 58 42 0<br \/>\n<a href=\"mailto:kristen@gambinohotels.com\" target=\"_blank\" rel=\"noopener\">kristen@gambinohotels.com<\/a><\/p>\n<\/div>","protected":false},"excerpt":{"rendered":"<p>PRIVACY POLICY Thank you for your interest in our internet site gambinohotels.com (hereafter &#8220;Site&#8221;).\u00a0The website is currently operated by GambinoHolding GmbH (hereinafter referred to as &#8220;gambino cityhotels&#8221;) and offers our users (hereinafter referred to as &#8220;users&#8221;) the opportunity to find out about our products, to book if there is availability and to contact us.\u00a0The protection [&hellip;]<\/p>","protected":false},"author":1,"featured_media":0,"parent":0,"menu_order":0,"comment_status":"closed","ping_status":"closed","template":"data-privacy.php","meta":{"_acf_changed":false,"inline_featured_image":false,"footnotes":""},"class_list":["post-26","page","type-page","status-publish","hentry"],"acf":[],"_links":{"self":[{"href":"https:\/\/gambinocityhotels.com\/de\/wp-json\/wp\/v2\/pages\/26","targetHints":{"allow":["GET"]}}],"collection":[{"href":"https:\/\/gambinocityhotels.com\/de\/wp-json\/wp\/v2\/pages"}],"about":[{"href":"https:\/\/gambinocityhotels.com\/de\/wp-json\/wp\/v2\/types\/page"}],"author":[{"embeddable":true,"href":"https:\/\/gambinocityhotels.com\/de\/wp-json\/wp\/v2\/users\/1"}],"replies":[{"embeddable":true,"href":"https:\/\/gambinocityhotels.com\/de\/wp-json\/wp\/v2\/comments?post=26"}],"version-history":[{"count":0,"href":"https:\/\/gambinocityhotels.com\/de\/wp-json\/wp\/v2\/pages\/26\/revisions"}],"wp:attachment":[{"href":"https:\/\/gambinocityhotels.com\/de\/wp-json\/wp\/v2\/media?parent=26"}],"curies":[{"name":"wp","href":"https:\/\/api.w.org\/{rel}","templated":true}]}}